{"id":3327,"date":"2025-12-10T15:17:26","date_gmt":"2025-12-10T15:17:26","guid":{"rendered":"https:\/\/www.secondbodymontessori.org\/montessori-training-in-valencia-by-second-body\/"},"modified":"2026-01-12T12:02:13","modified_gmt":"2026-01-12T12:02:13","slug":"formacion-montessori-en-valencia-por-second-body","status":"publish","type":"page","link":"https:\/\/www.secondbodymontessori.org\/es\/formacion-montessori-en-valencia-por-second-body\/","title":{"rendered":"Formaci\u00f3n Montessori en Valencia por Second Body"},"content":{"rendered":"<style>.wp-block-kadence-spacer.kt-block-spacer-3327_d0f32b-a2 .kt-block-spacer{height:30px;}.wp-block-kadence-spacer.kt-block-spacer-3327_d0f32b-a2 .kt-divider{border-top-width:1px;height:1px;border-top-color:#eee;width:80%;border-top-style:solid;}<\/style>\n<div class=\"wp-block-kadence-spacer aligncenter kt-block-spacer-3327_d0f32b-a2\"><div class=\"kt-block-spacer kt-block-spacer-halign-center\"><\/div><\/div>\n\n\n<style>.kb-row-layout-id3327_2d451f-bd > .kt-row-column-wrap{align-content:start;}:where(.kb-row-layout-id3327_2d451f-bd > .kt-row-column-wrap) > .wp-block-kadence-column{justify-content:start;}.kb-row-layout-id3327_2d451f-bd > .kt-row-column-wrap{column-gap:var(--global-kb-gap-md, 2rem);row-gap:var(--global-kb-gap-md, 2rem);padding-top:var(--global-kb-spacing-xxl, 5rem);padding-bottom:var(--global-kb-spacing-5xl, 10rem);grid-template-columns:minmax(0, 1fr);}.kb-row-layout-id3327_2d451f-bd{background-image:url('https:\/\/www.secondbodymontessori.org\/wp-content\/uploads\/2025\/12\/Fondo-PopUp-1.jpeg');background-size:cover;background-position:center center;background-attachment:scroll;background-repeat:no-repeat;}.kb-row-layout-id3327_2d451f-bd > .kt-row-layout-overlay{opacity:0.30;}@media all and (max-width: 1024px){.kb-row-layout-id3327_2d451f-bd > .kt-row-column-wrap{grid-template-columns:minmax(0, 1fr);}}@media all and (max-width: 767px){.kb-row-layout-id3327_2d451f-bd > .kt-row-column-wrap{padding-top:var(--global-kb-spacing-xxs, 0.5rem);grid-template-columns:minmax(0, 1fr);}}<\/style><div class=\"kb-row-layout-wrap kb-row-layout-id3327_2d451f-bd alignnone kt-row-has-bg wp-block-kadence-rowlayout\"><div class=\"kt-row-column-wrap kt-has-1-columns kt-row-layout-equal kt-tab-layout-inherit kt-mobile-layout-row kt-row-valign-top\">\n<style>.kadence-column3327_176772-8f > .kt-inside-inner-col,.kadence-column3327_176772-8f > .kt-inside-inner-col:before{border-top-left-radius:0px;border-top-right-radius:0px;border-bottom-right-radius:0px;border-bottom-left-radius:0px;}.kadence-column3327_176772-8f > .kt-inside-inner-col{column-gap:var(--global-kb-gap-sm, 1rem);}.kadence-column3327_176772-8f > .kt-inside-inner-col{flex-direction:column;}.kadence-column3327_176772-8f > .kt-inside-inner-col > .aligncenter{width:100%;}.kadence-column3327_176772-8f > .kt-inside-inner-col:before{opacity:0.3;}.kadence-column3327_176772-8f{position:relative;}@media all and (max-width: 1024px){.kadence-column3327_176772-8f > .kt-inside-inner-col{flex-direction:column;justify-content:center;}}@media all and (max-width: 767px){.kadence-column3327_176772-8f > .kt-inside-inner-col{flex-direction:column;justify-content:center;}}<\/style>\n<div class=\"wp-block-kadence-column kadence-column3327_176772-8f\"><div class=\"kt-inside-inner-col\"><style>.wp-block-kadence-advancedheading.kt-adv-heading3327_f8a962-53, .wp-block-kadence-advancedheading.kt-adv-heading3327_f8a962-53[data-kb-block=\"kb-adv-heading3327_f8a962-53\"]{max-width:1332px;margin-right:auto;margin-left:auto;margin-top:50px;text-align:center;font-size:38px;font-style:normal;text-transform:uppercase;}.wp-block-kadence-advancedheading.kt-adv-heading3327_f8a962-53 mark.kt-highlight, .wp-block-kadence-advancedheading.kt-adv-heading3327_f8a962-53[data-kb-block=\"kb-adv-heading3327_f8a962-53\"] mark.kt-highlight{font-style:normal;color:#f76a0c;-webkit-box-decoration-break:clone;box-decoration-break:clone;padding-top:0px;padding-right:0px;padding-bottom:0px;padding-left:0px;}.wp-block-kadence-advancedheading.kt-adv-heading3327_f8a962-53 img.kb-inline-image, .wp-block-kadence-advancedheading.kt-adv-heading3327_f8a962-53[data-kb-block=\"kb-adv-heading3327_f8a962-53\"] img.kb-inline-image{width:150px;vertical-align:baseline;}@media all and (max-width: 767px){.wp-block-kadence-advancedheading.kt-adv-heading3327_f8a962-53, .wp-block-kadence-advancedheading.kt-adv-heading3327_f8a962-53[data-kb-block=\"kb-adv-heading3327_f8a962-53\"]{margin-top:var(--global-kb-spacing-xl, 4rem);font-size:28px;}}<\/style>\n<p class=\"kt-adv-heading3327_f8a962-53 wp-block-kadence-advancedheading has-theme-palette-9-color has-text-color\" data-kb-block=\"kb-adv-heading3327_f8a962-53\">Muy Pronto<\/p>\n\n\n<style>.kb-image3327_e3f9f1-fb.kb-image-is-ratio-size, .kb-image3327_e3f9f1-fb .kb-image-is-ratio-size{max-width:370px;width:100%;}.wp-block-kadence-column > .kt-inside-inner-col > .kb-image3327_e3f9f1-fb.kb-image-is-ratio-size, .wp-block-kadence-column > .kt-inside-inner-col > .kb-image3327_e3f9f1-fb .kb-image-is-ratio-size{align-self:unset;}.kb-image3327_e3f9f1-fb figure{max-width:370px;}.kb-image3327_e3f9f1-fb .image-is-svg, .kb-image3327_e3f9f1-fb .image-is-svg img{width:100%;}.kb-image3327_e3f9f1-fb .kb-image-has-overlay:after{opacity:0.3;}@media all and (max-width: 767px){.kb-image3327_e3f9f1-fb.kb-image-is-ratio-size, .kb-image3327_e3f9f1-fb .kb-image-is-ratio-size{max-width:250px;width:100%;}.kb-image3327_e3f9f1-fb figure{max-width:250px;}}<\/style>\n<div class=\"wp-block-kadence-image kb-image3327_e3f9f1-fb\"><figure class=\"aligncenter size-full\"><img loading=\"lazy\" decoding=\"async\" width=\"1772\" height=\"1772\" src=\"https:\/\/www.secondbodymontessori.org\/wp-content\/uploads\/2025\/12\/Logo-Second-Body-Montessori-Educators.png\" alt=\"Logo Second Body Montessori Educators\" class=\"kb-img wp-image-3293\" srcset=\"https:\/\/www.secondbodymontessori.org\/wp-content\/uploads\/2025\/12\/Logo-Second-Body-Montessori-Educators.png 1772w, https:\/\/www.secondbodymontessori.org\/wp-content\/uploads\/2025\/12\/Logo-Second-Body-Montessori-Educators-300x300.png 300w, https:\/\/www.secondbodymontessori.org\/wp-content\/uploads\/2025\/12\/Logo-Second-Body-Montessori-Educators-1024x1024.png 1024w, https:\/\/www.secondbodymontessori.org\/wp-content\/uploads\/2025\/12\/Logo-Second-Body-Montessori-Educators-150x150.png 150w, https:\/\/www.secondbodymontessori.org\/wp-content\/uploads\/2025\/12\/Logo-Second-Body-Montessori-Educators-768x768.png 768w, https:\/\/www.secondbodymontessori.org\/wp-content\/uploads\/2025\/12\/Logo-Second-Body-Montessori-Educators-1536x1536.png 1536w\" sizes=\"auto, (max-width: 1772px) 100vw, 1772px\" \/><\/figure><\/div>\n\n\n<style>.wp-block-kadence-advancedheading.kt-adv-heading3327_b8fe73-6e, .wp-block-kadence-advancedheading.kt-adv-heading3327_b8fe73-6e[data-kb-block=\"kb-adv-heading3327_b8fe73-6e\"]{max-width:1332px;margin-right:auto;margin-left:auto;margin-top:-15px;text-align:center;font-size:38px;font-style:normal;}.wp-block-kadence-advancedheading.kt-adv-heading3327_b8fe73-6e mark.kt-highlight, .wp-block-kadence-advancedheading.kt-adv-heading3327_b8fe73-6e[data-kb-block=\"kb-adv-heading3327_b8fe73-6e\"] mark.kt-highlight{font-style:normal;color:#f76a0c;-webkit-box-decoration-break:clone;box-decoration-break:clone;padding-top:0px;padding-right:0px;padding-bottom:0px;padding-left:0px;}.wp-block-kadence-advancedheading.kt-adv-heading3327_b8fe73-6e img.kb-inline-image, .wp-block-kadence-advancedheading.kt-adv-heading3327_b8fe73-6e[data-kb-block=\"kb-adv-heading3327_b8fe73-6e\"] img.kb-inline-image{width:150px;vertical-align:baseline;}@media all and (max-width: 767px){.wp-block-kadence-advancedheading.kt-adv-heading3327_b8fe73-6e, .wp-block-kadence-advancedheading.kt-adv-heading3327_b8fe73-6e[data-kb-block=\"kb-adv-heading3327_b8fe73-6e\"]{font-size:25px;}}<\/style>\n<h1 class=\"kt-adv-heading3327_b8fe73-6e wp-block-kadence-advancedheading has-theme-palette-9-color has-text-color\" data-kb-block=\"kb-adv-heading3327_b8fe73-6e\">Formaci\u00f3n AMS Montessori en Valencia, Espa\u00f1a<\/h1>\n\n\n<style>.wp-block-kadence-advancedheading.kt-adv-heading3327_4b3447-20, .wp-block-kadence-advancedheading.kt-adv-heading3327_4b3447-20[data-kb-block=\"kb-adv-heading3327_4b3447-20\"]{padding-top:0px;padding-bottom:0px;margin-top:15px;margin-bottom:20px;text-align:center;font-size:var(--global-kb-font-size-md, 1.25rem);font-style:normal;text-transform:uppercase;color:#ffffff;}.wp-block-kadence-advancedheading.kt-adv-heading3327_4b3447-20 mark.kt-highlight, .wp-block-kadence-advancedheading.kt-adv-heading3327_4b3447-20[data-kb-block=\"kb-adv-heading3327_4b3447-20\"] mark.kt-highlight{font-family:-apple-system,BlinkMacSystemFont,\"Segoe UI\",Roboto,Oxygen-Sans,Ubuntu,Cantarell,\"Helvetica Neue\",sans-serif, \"Apple Color Emoji\", \"Segoe UI Emoji\", \"Segoe UI Symbol\";font-weight:900;font-style:normal;color:var(--global-palette9, #ffffff);-webkit-box-decoration-break:clone;box-decoration-break:clone;padding-top:0px;padding-right:0px;padding-bottom:0px;padding-left:0px;}.wp-block-kadence-advancedheading.kt-adv-heading3327_4b3447-20 img.kb-inline-image, .wp-block-kadence-advancedheading.kt-adv-heading3327_4b3447-20[data-kb-block=\"kb-adv-heading3327_4b3447-20\"] img.kb-inline-image{width:150px;vertical-align:baseline;}@media all and (max-width: 767px){.wp-block-kadence-advancedheading.kt-adv-heading3327_4b3447-20, .wp-block-kadence-advancedheading.kt-adv-heading3327_4b3447-20[data-kb-block=\"kb-adv-heading3327_4b3447-20\"]{font-size:14px;}}<\/style>\n<h2 class=\"kt-adv-heading3327_4b3447-20 wp-block-kadence-advancedheading\" data-kb-block=\"kb-adv-heading3327_4b3447-20\">FORMACI\u00d3N Educaci\u00f3n Primaria<br>FORMACI\u00d3N H\u00cdBRIDA \u00b7 ONLINE Y PRESENCIAL<\/h2>\n\n\n<style>.wp-block-kadence-advancedbtn.kb-btns3327_8a06cf-78{gap:var(--global-kb-gap-xs, 0.5rem );justify-content:center;align-items:center;}.kt-btns3327_8a06cf-78 .kt-button{font-weight:normal;font-style:normal;}.kt-btns3327_8a06cf-78 .kt-btn-wrap-0{margin-right:5px;}.wp-block-kadence-advancedbtn.kt-btns3327_8a06cf-78 .kt-btn-wrap-0 .kt-button{color:#555555;border-color:#555555;}.wp-block-kadence-advancedbtn.kt-btns3327_8a06cf-78 .kt-btn-wrap-0 .kt-button:hover, .wp-block-kadence-advancedbtn.kt-btns3327_8a06cf-78 .kt-btn-wrap-0 .kt-button:focus{color:#ffffff;border-color:#444444;}.wp-block-kadence-advancedbtn.kt-btns3327_8a06cf-78 .kt-btn-wrap-0 .kt-button::before{display:none;}.wp-block-kadence-advancedbtn.kt-btns3327_8a06cf-78 .kt-btn-wrap-0 .kt-button:hover, .wp-block-kadence-advancedbtn.kt-btns3327_8a06cf-78 .kt-btn-wrap-0 .kt-button:focus{background:#444444;}<\/style>\n<div class=\"wp-block-kadence-advancedbtn kb-buttons-wrap kb-btns3327_8a06cf-78\"><style>ul.menu .wp-block-kadence-advancedbtn .kb-btn3327_4ac406-89.kb-button{width:initial;}.wp-block-kadence-advancedbtn .kb-btn3327_4ac406-89.kb-button{background:var(--global-palette1, #3182CE);text-transform:uppercase;}.wp-block-kadence-advancedbtn .kb-btn3327_4ac406-89.kb-button:hover, .wp-block-kadence-advancedbtn .kb-btn3327_4ac406-89.kb-button:focus{background:var(--global-palette1, #3182CE);}@media all and (max-width: 767px){.wp-block-kadence-advancedbtn .kb-btn3327_4ac406-89.kb-button{font-size:var(--global-kb-font-size-md, 1.25rem);}}<\/style><a class=\"kb-button kt-button button kb-btn3327_4ac406-89 kt-btn-size-large kt-btn-width-type-auto kb-btn-global-fill  kt-btn-has-text-true kt-btn-has-svg-true  wp-block-kadence-singlebtn\" href=\"https:\/\/tally.so\/r\/VLLZVE\"><span class=\"kt-btn-inner-text\">Descubrir m\u00e1s<\/span><span class=\"kb-svg-icon-wrap kb-svg-icon-fe_arrowUpRight kt-btn-icon-side-right\"><svg viewBox=\"0 0 24 24\"  fill=\"none\" stroke=\"currentColor\" stroke-width=\"2\" stroke-linecap=\"round\" stroke-linejoin=\"round\" xmlns=\"http:\/\/www.w3.org\/2000\/svg\"  aria-hidden=\"true\"><line x1=\"7\" y1=\"17\" x2=\"17\" y2=\"7\"\/><polyline points=\"7 7 17 7 17 17\"\/><\/svg><\/span><\/a><\/div>\n<\/div><\/div>\n\n<\/div><\/div>\n\n<style>.wp-block-kadence-spacer.kt-block-spacer-3327_0d7cd3-e5 .kt-block-spacer{height:30px;}.wp-block-kadence-spacer.kt-block-spacer-3327_0d7cd3-e5 .kt-divider{border-top-width:1px;height:1px;border-top-color:#eee;width:80%;border-top-style:solid;}<\/style>\n<div class=\"wp-block-kadence-spacer aligncenter kt-block-spacer-3327_0d7cd3-e5\"><div class=\"kt-block-spacer kt-block-spacer-halign-center\"><\/div><\/div>\n","protected":false},"excerpt":{"rendered":"<p>Muy Pronto Formaci\u00f3n AMS Montessori en Valencia, Espa\u00f1a FORMACI\u00d3N Educaci\u00f3n PrimariaFORMACI\u00d3N H\u00cdBRIDA \u00b7 ONLINE Y PRESENCIAL<\/p>\n","protected":false},"author":4,"featured_media":0,"parent":0,"menu_order":15,"comment_status":"closed","ping_status":"closed","template":"","meta":{"_seopress_robots_primary_cat":"","_seopress_titles_title":"Convi\u00e9rtete en Gu\u00eda Montessori en Valencia | AMS Elementary","_seopress_titles_desc":"\u00bfBuscas formaci\u00f3n Montessori en Valencia? Inscr\u00edbete en nuestro curso AMS Elementary de Second Body. Transforma tu carrera y s\u00e9 Gu\u00eda Montessori en Espa\u00f1a.","_seopress_robots_index":"","_kad_blocks_custom_css":"","_kad_blocks_head_custom_js":"","_kad_blocks_body_custom_js":"","_kad_blocks_footer_custom_js":"","_kad_post_transparent":"","_kad_post_title":"","_kad_post_layout":"","_kad_post_sidebar_id":"","_kad_post_content_style":"","_kad_post_vertical_padding":"","_kad_post_feature":"","_kad_post_feature_position":"","_kad_post_header":true,"_kad_post_footer":false,"_kad_post_classname":"","footnotes":""},"class_list":["post-3327","page","type-page","status-publish","hentry"],"taxonomy_info":[],"featured_image_src_large":false,"author_info":{"display_name":"Nexo Dreams","author_link":"https:\/\/www.secondbodymontessori.org\/es\/author\/nex0dreams\/"},"comment_info":0,"_links":{"self":[{"href":"https:\/\/www.secondbodymontessori.org\/es\/wp-json\/wp\/v2\/pages\/3327","targetHints":{"allow":["GET"]}}],"collection":[{"href":"https:\/\/www.secondbodymontessori.org\/es\/wp-json\/wp\/v2\/pages"}],"about":[{"href":"https:\/\/www.secondbodymontessori.org\/es\/wp-json\/wp\/v2\/types\/page"}],"author":[{"embeddable":true,"href":"https:\/\/www.secondbodymontessori.org\/es\/wp-json\/wp\/v2\/users\/4"}],"replies":[{"embeddable":true,"href":"https:\/\/www.secondbodymontessori.org\/es\/wp-json\/wp\/v2\/comments?post=3327"}],"version-history":[{"count":14,"href":"https:\/\/www.secondbodymontessori.org\/es\/wp-json\/wp\/v2\/pages\/3327\/revisions"}],"predecessor-version":[{"id":3593,"href":"https:\/\/www.secondbodymontessori.org\/es\/wp-json\/wp\/v2\/pages\/3327\/revisions\/3593"}],"wp:attachment":[{"href":"https:\/\/www.secondbodymontessori.org\/es\/wp-json\/wp\/v2\/media?parent=3327"}],"curies":[{"name":"wp","href":"https:\/\/api.w.org\/{rel}","templated":true}]}}