{"id":2097,"date":"2024-03-21T13:27:49","date_gmt":"2024-03-21T13:27:49","guid":{"rendered":"https:\/\/www.secondbodymontessori.org\/decalogo-de-maria-montessori\/"},"modified":"2024-04-16T21:55:27","modified_gmt":"2024-04-16T21:55:27","slug":"decalogo-de-maria-montessori","status":"publish","type":"page","link":"https:\/\/www.secondbodymontessori.org\/es\/decalogo-de-maria-montessori\/","title":{"rendered":"Dec\u00e1logo de Mar\u00eda Montessori"},"content":{"rendered":"<style>.kb-row-layout-id1563_37a142-da > .kt-row-column-wrap{align-content:start;}:where(.kb-row-layout-id1563_37a142-da > .kt-row-column-wrap) > .wp-block-kadence-column{justify-content:start;}.kb-row-layout-id1563_37a142-da > .kt-row-column-wrap{column-gap:var(--global-kb-gap-md, 2rem);row-gap:var(--global-kb-gap-md, 2rem);max-width:1100px;margin-left:auto;margin-right:auto;padding-top:var(--global-kb-spacing-lg, 3rem);padding-right:var(--global-kb-spacing-lg, 3rem);padding-bottom:var(--global-kb-spacing-3xl, 6.5rem);padding-left:var(--global-kb-spacing-lg, 3rem);grid-template-columns:minmax(0, 1fr);}.kb-row-layout-id1563_37a142-da > .kt-row-layout-overlay{opacity:0.30;}@media all and (max-width: 1024px), only screen and (min-device-width: 1024px) and (max-device-width: 1366px) and (-webkit-min-device-pixel-ratio: 2) and (hover: none){.kb-row-layout-wrap.wp-block-kadence-rowlayout.kb-row-layout-id1563_37a142-da{background:var(--global-palette7, #EDF2F7);}}@media all and (max-width: 1024px){.kb-row-layout-id1563_37a142-da > .kt-row-column-wrap{padding-top:var(--global-kb-spacing-3xl, 6.5rem);padding-bottom:var(--global-kb-spacing-3xl, 6.5rem);grid-template-columns:minmax(0, 1fr);}}@media all and (max-width: 767px){.kb-row-layout-id1563_37a142-da > .kt-row-column-wrap{padding-top:var(--global-kb-spacing-xxs, 0.5rem);padding-right:0px;padding-bottom:var(--global-kb-spacing-lg, 3rem);padding-left:0px;grid-template-columns:minmax(0, 1fr);}.kb-row-layout-wrap.wp-block-kadence-rowlayout.kb-row-layout-id1563_37a142-da{background:var(--global-palette9, #ffffff);}}<\/style><div class=\"kb-row-layout-wrap kb-row-layout-id1563_37a142-da alignnone wp-block-kadence-rowlayout\"><div class=\"kt-row-column-wrap kt-has-1-columns kt-row-layout-equal kt-tab-layout-inherit kt-mobile-layout-row kt-row-valign-top\">\n<style>.kadence-column1563_a2bf41-42 > .kt-inside-inner-col{padding-top:var(--global-kb-spacing-xl, 4rem);padding-right:var(--global-kb-spacing-xxl, 5rem);padding-bottom:var(--global-kb-spacing-xl, 4rem);padding-left:var(--global-kb-spacing-xxl, 5rem);}.kadence-column1563_a2bf41-42 > .kt-inside-inner-col{border-top:1px solid var(--global-palette6, #718096);border-right:1px solid var(--global-palette6, #718096);border-bottom:1px solid var(--global-palette6, #718096);border-left:1px solid var(--global-palette6, #718096);}.kadence-column1563_a2bf41-42 > .kt-inside-inner-col,.kadence-column1563_a2bf41-42 > .kt-inside-inner-col:before{border-top-left-radius:0px;border-top-right-radius:0px;border-bottom-right-radius:0px;border-bottom-left-radius:0px;}.kadence-column1563_a2bf41-42 > .kt-inside-inner-col{column-gap:var(--global-kb-gap-sm, 1rem);}.kadence-column1563_a2bf41-42 > .kt-inside-inner-col{flex-direction:column;}.kadence-column1563_a2bf41-42 > .kt-inside-inner-col > .aligncenter{width:100%;}.kadence-column1563_a2bf41-42 > .kt-inside-inner-col{background-color:var(--global-palette9, #ffffff);}.kadence-column1563_a2bf41-42 > .kt-inside-inner-col:before{opacity:0.3;}.kadence-column1563_a2bf41-42{position:relative;}@media all and (max-width: 1024px){.kadence-column1563_a2bf41-42 > .kt-inside-inner-col{padding-top:var(--global-kb-spacing-lg, 3rem);padding-right:var(--global-kb-spacing-lg, 3rem);padding-bottom:var(--global-kb-spacing-lg, 3rem);padding-left:var(--global-kb-spacing-lg, 3rem);border-top:1px solid var(--global-palette6, #718096);border-right:1px solid var(--global-palette6, #718096);border-bottom:1px solid var(--global-palette6, #718096);border-left:1px solid var(--global-palette6, #718096);flex-direction:column;justify-content:center;}}@media all and (max-width: 767px){.kadence-column1563_a2bf41-42 > .kt-inside-inner-col{padding-top:var(--global-kb-spacing-md, 2rem);padding-right:var(--global-kb-spacing-md, 2rem);padding-bottom:var(--global-kb-spacing-md, 2rem);padding-left:var(--global-kb-spacing-md, 2rem);border-top:0px solid var(--global-palette6, #718096);border-right:0px solid var(--global-palette6, #718096);border-bottom:0px solid var(--global-palette6, #718096);border-left:0px solid var(--global-palette6, #718096);flex-direction:column;justify-content:center;}}<\/style>\n<div class=\"wp-block-kadence-column kadence-column1563_a2bf41-42 quiz-results\"><div class=\"kt-inside-inner-col\"><style>.wp-block-kadence-advancedheading.kt-adv-heading1563_8599ef-c1, .wp-block-kadence-advancedheading.kt-adv-heading1563_8599ef-c1[data-kb-block=\"kb-adv-heading1563_8599ef-c1\"]{text-align:center;font-size:var(--global-kb-font-size-xl, 3rem);font-style:normal;}.wp-block-kadence-advancedheading.kt-adv-heading1563_8599ef-c1 mark.kt-highlight, .wp-block-kadence-advancedheading.kt-adv-heading1563_8599ef-c1[data-kb-block=\"kb-adv-heading1563_8599ef-c1\"] mark.kt-highlight{font-style:normal;color:#f76a0c;-webkit-box-decoration-break:clone;box-decoration-break:clone;padding-top:0px;padding-right:0px;padding-bottom:0px;padding-left:0px;}.wp-block-kadence-advancedheading.kt-adv-heading1563_8599ef-c1 img.kb-inline-image, .wp-block-kadence-advancedheading.kt-adv-heading1563_8599ef-c1[data-kb-block=\"kb-adv-heading1563_8599ef-c1\"] img.kb-inline-image{width:150px;vertical-align:baseline;}@media all and (max-width: 1024px){.wp-block-kadence-advancedheading.kt-adv-heading1563_8599ef-c1, .wp-block-kadence-advancedheading.kt-adv-heading1563_8599ef-c1[data-kb-block=\"kb-adv-heading1563_8599ef-c1\"]{padding-bottom:var(--global-kb-spacing-xs, 1rem);}}@media all and (max-width: 767px){.wp-block-kadence-advancedheading.kt-adv-heading1563_8599ef-c1, .wp-block-kadence-advancedheading.kt-adv-heading1563_8599ef-c1[data-kb-block=\"kb-adv-heading1563_8599ef-c1\"]{padding-bottom:var(--global-kb-spacing-xs, 1rem);}}<\/style>\n<h1 class=\"kt-adv-heading1563_8599ef-c1 wp-block-kadence-advancedheading\" data-kb-block=\"kb-adv-heading1563_8599ef-c1\">Dec\u00e1logo de Mar\u00eda Montessori<\/h1>\n\n\n<style>.wp-block-kadence-iconlist.kt-svg-icon-list-items1563_4a7d43-31:not(.this-stops-third-party-issues){margin-top:0px;margin-bottom:0px;}.wp-block-kadence-iconlist.kt-svg-icon-list-items1563_4a7d43-31 ul.kt-svg-icon-list:not(.this-prevents-issues):not(.this-stops-third-party-issues):not(.tijsloc){margin-top:0px;margin-right:0px;margin-bottom:10px;margin-left:0px;}.wp-block-kadence-iconlist.kt-svg-icon-list-items1563_4a7d43-31 ul.kt-svg-icon-list{grid-row-gap:20px;}.wp-block-kadence-iconlist.kt-svg-icon-list-items1563_4a7d43-31 .kb-svg-icon-wrap{color:var(--global-palette6, #718096);}.wp-block-kadence-iconlist.kt-svg-icon-list-items1563_4a7d43-31 ul.kt-svg-icon-list .kt-svg-icon-list-item-wrap .kt-svg-icon-list-single{margin-right:25px;}.kt-svg-icon-list-items1563_4a7d43-31 ul.kt-svg-icon-list .kt-svg-icon-list-item-wrap, .kt-svg-icon-list-items1563_4a7d43-31 ul.kt-svg-icon-list .kt-svg-icon-list-item-wrap a{font-size:var(--global-kb-font-size-md, 1.25rem);line-height:2;letter-spacing:1px;}@media all and (max-width: 1024px){.kt-svg-icon-list-items1563_4a7d43-31 ul.kt-svg-icon-list .kt-svg-icon-list-item-wrap, .kt-svg-icon-list-items1563_4a7d43-31 ul.kt-svg-icon-list .kt-svg-icon-list-item-wrap a{line-height:2;}}@media all and (max-width: 767px){.kt-svg-icon-list-items1563_4a7d43-31 ul.kt-svg-icon-list .kt-svg-icon-list-item-wrap, .kt-svg-icon-list-items1563_4a7d43-31 ul.kt-svg-icon-list .kt-svg-icon-list-item-wrap a{line-height:1.7;}}<\/style>\n<div class=\"wp-block-kadence-iconlist kt-svg-icon-list-items kt-svg-icon-list-items1563_4a7d43-31 kt-svg-icon-list-columns-1 alignnone\"><ul class=\"kt-svg-icon-list\"><style>.kt-svg-icon-list-item-1563_ff56c6-2b .kt-svg-icon-list-single{font-size:26px !important;}.kt-svg-icon-list-item-1563_ff56c6-2b .kt-svg-icon-list-text mark.kt-highlight{background-color:unset;font-style:normal;color:#f76a0c;-webkit-box-decoration-break:clone;box-decoration-break:clone;padding-top:0px;padding-right:0px;padding-bottom:0px;padding-left:0px;}<\/style>\n<ul>\r\n \t<li class=\"wp-block-kadence-listitem kt-svg-icon-list-item-wrap kt-svg-icon-list-item-1563_ff56c6-2b kt-svg-icon-list-style-default\">Nunca toques al ni\u00f1o a menos que \u00e9l te invite (de alguna forma u otra).<\/li>\r\n<\/ul>\n\n\n<style>.kt-svg-icon-list-item-1563_30e645-00 .kt-svg-icon-list-single{font-size:26px !important;}.kt-svg-icon-list-item-1563_30e645-00 .kt-svg-icon-list-text mark.kt-highlight{background-color:unset;font-style:normal;color:#f76a0c;-webkit-box-decoration-break:clone;box-decoration-break:clone;padding-top:0px;padding-right:0px;padding-bottom:0px;padding-left:0px;}<\/style>\n<ul>\r\n \t<li class=\"wp-block-kadence-listitem kt-svg-icon-list-item-wrap kt-svg-icon-list-item-1563_30e645-00 kt-svg-icon-list-style-default\">Nunca hables mal del ni\u00f1o en su presencia o ausencia.<\/li>\r\n<\/ul>\n\n\n<style>.kt-svg-icon-list-item-1563_1f3f1c-9d .kt-svg-icon-list-single{font-size:26px !important;}.kt-svg-icon-list-item-1563_1f3f1c-9d .kt-svg-icon-list-text mark.kt-highlight{background-color:unset;font-style:normal;color:#f76a0c;-webkit-box-decoration-break:clone;box-decoration-break:clone;padding-top:0px;padding-right:0px;padding-bottom:0px;padding-left:0px;}<\/style>\n<ul>\r\n \t<li class=\"wp-block-kadence-listitem kt-svg-icon-list-item-wrap kt-svg-icon-list-item-1563_1f3f1c-9d kt-svg-icon-list-style-default\">Conc\u00e9ntrate en fortalecer y ayudar al desarrollo de lo bueno en el ni\u00f1o para que su presencia deje cada vez menos espacio para el mal.<\/li>\r\n<\/ul>\n\n\n<style>.kt-svg-icon-list-item-1563_2429e3-e3 .kt-svg-icon-list-single{font-size:26px !important;}.kt-svg-icon-list-item-1563_2429e3-e3 .kt-svg-icon-list-text mark.kt-highlight{background-color:unset;font-style:normal;color:#f76a0c;-webkit-box-decoration-break:clone;box-decoration-break:clone;padding-top:0px;padding-right:0px;padding-bottom:0px;padding-left:0px;}<\/style>\n<ul>\r\n \t<li class=\"wp-block-kadence-listitem kt-svg-icon-list-item-wrap kt-svg-icon-list-item-1563_2429e3-e3 kt-svg-icon-list-style-default\">S\u00e9 activo en preparar el entorno. Cuida de \u00e9l meticulosa y constantemente. Ayuda al ni\u00f1o a establecer relaciones constructivas con \u00e9l. Muestra el lugar adecuado donde se guardan los medios de desarrollo y demuestra su uso correcto.<\/li>\r\n<\/ul>\n\n\n<style>.kt-svg-icon-list-item-1563_a3b6f3-40 .kt-svg-icon-list-single{font-size:26px !important;}.kt-svg-icon-list-item-1563_a3b6f3-40 .kt-svg-icon-list-text mark.kt-highlight{background-color:unset;font-style:normal;color:#f76a0c;-webkit-box-decoration-break:clone;box-decoration-break:clone;padding-top:0px;padding-right:0px;padding-bottom:0px;padding-left:0px;}<\/style>\n<ul>\r\n \t<li class=\"wp-block-kadence-listitem kt-svg-icon-list-item-wrap kt-svg-icon-list-item-1563_a3b6f3-40 kt-svg-icon-list-style-default\">Est\u00e9 siempre listo para responder al llamado del ni\u00f1o que necesita de ti y siempre escucha y responde al ni\u00f1o que te pide ayuda.<\/li>\r\n<\/ul>\n\n\n<style>.kt-svg-icon-list-item-1563_844cb9-85 .kt-svg-icon-list-single{font-size:26px !important;}.kt-svg-icon-list-item-1563_844cb9-85 .kt-svg-icon-list-text mark.kt-highlight{background-color:unset;font-style:normal;color:#f76a0c;-webkit-box-decoration-break:clone;box-decoration-break:clone;padding-top:0px;padding-right:0px;padding-bottom:0px;padding-left:0px;}<\/style>\n<ul>\r\n \t<li class=\"wp-block-kadence-listitem kt-svg-icon-list-item-wrap kt-svg-icon-list-item-1563_844cb9-85 kt-svg-icon-list-style-default\">Respeta al ni\u00f1o que comete un error y puede corregirse luego o inmediatamente, pero det\u00e9n firmemente y de inmediato cualquier mal uso del entorno y cualquier acci\u00f3n que ponga en peligro al ni\u00f1o, su desarrollo o a otros.<\/li>\r\n<\/ul>\n\n\n<style>.kt-svg-icon-list-item-1563_52c92a-71 .kt-svg-icon-list-single{font-size:26px !important;}.kt-svg-icon-list-item-1563_52c92a-71 .kt-svg-icon-list-text mark.kt-highlight{background-color:unset;font-style:normal;color:#f76a0c;-webkit-box-decoration-break:clone;box-decoration-break:clone;padding-top:0px;padding-right:0px;padding-bottom:0px;padding-left:0px;}<\/style>\n<ul>\r\n \t<li class=\"wp-block-kadence-listitem kt-svg-icon-list-item-wrap kt-svg-icon-list-item-1563_52c92a-71 kt-svg-icon-list-style-default\">Respeta al ni\u00f1o que descansa o observa a otros trabajar o reflexiona sobre lo que \u00e9l mismo ha hecho o har\u00e1. No lo llames ni lo obligues a otras formas de actividad.<\/li>\r\n<\/ul>\n\n\n<style>.kt-svg-icon-list-item-1563_5ef6e2-f4 .kt-svg-icon-list-single{font-size:26px !important;}.kt-svg-icon-list-item-1563_5ef6e2-f4 .kt-svg-icon-list-text mark.kt-highlight{background-color:unset;font-style:normal;color:#f76a0c;-webkit-box-decoration-break:clone;box-decoration-break:clone;padding-top:0px;padding-right:0px;padding-bottom:0px;padding-left:0px;}<\/style>\n<ul>\r\n \t<li class=\"wp-block-kadence-listitem kt-svg-icon-list-item-wrap kt-svg-icon-list-item-1563_5ef6e2-f4 kt-svg-icon-list-style-default\">Ayuda a aquellos que est\u00e1n en busca de actividad y no la encuentran.<\/li>\r\n<\/ul>\n\n\n<style>.kt-svg-icon-list-item-1563_91fce0-68 .kt-svg-icon-list-single{font-size:26px !important;}.kt-svg-icon-list-item-1563_91fce0-68 .kt-svg-icon-list-text mark.kt-highlight{background-color:unset;font-style:normal;color:#f76a0c;-webkit-box-decoration-break:clone;box-decoration-break:clone;padding-top:0px;padding-right:0px;padding-bottom:0px;padding-left:0px;}<\/style>\n<ul>\r\n \t<li class=\"wp-block-kadence-listitem kt-svg-icon-list-item-wrap kt-svg-icon-list-item-1563_91fce0-68 kt-svg-icon-list-style-default\">S\u00e9 incansable en repetir presentaciones al ni\u00f1o que las rechaz\u00f3 anteriormente, en ayudar al ni\u00f1o a adquirir lo que a\u00fan no es suyo y a superar imperfecciones. Haz esto animando el entorno con cuidado, con moderaci\u00f3n y silencio, con palabras suaves y presencia amorosa. Haz sentir tu presencia lista al ni\u00f1o que busca y esc\u00f3ndete del ni\u00f1o que ha encontrado.<\/li>\r\n<\/ul>\n\n\n<style>.kt-svg-icon-list-item-1563_99f3f4-87 .kt-svg-icon-list-single{font-size:26px !important;}.kt-svg-icon-list-item-1563_99f3f4-87 .kt-svg-icon-list-text mark.kt-highlight{background-color:unset;font-style:normal;color:#f76a0c;-webkit-box-decoration-break:clone;box-decoration-break:clone;padding-top:0px;padding-right:0px;padding-bottom:0px;padding-left:0px;}<\/style>\n<ul>\r\n \t<li class=\"wp-block-kadence-listitem kt-svg-icon-list-item-wrap kt-svg-icon-list-item-1563_99f3f4-87 kt-svg-icon-list-style-default\">Siempre trata al ni\u00f1o con las mejores maneras y ofr\u00e9cele lo mejor que tienes en ti y a tu disposici\u00f3n.<\/li>\r\n<\/ul>\n<\/ul><\/div>\n\n\n<style>.wp-block-kadence-advancedheading.kt-adv-heading1563_e45b71-6a, .wp-block-kadence-advancedheading.kt-adv-heading1563_e45b71-6a[data-kb-block=\"kb-adv-heading1563_e45b71-6a\"]{font-style:normal;}.wp-block-kadence-advancedheading.kt-adv-heading1563_e45b71-6a[data-kb-block=\"kb-adv-heading1563_e45b71-6a\"]{display:flex;gap:0.25em;align-items:baseline;}.wp-block-kadence-advancedheading.kt-adv-heading1563_e45b71-6a[data-kb-block=\"kb-adv-heading1563_e45b71-6a\"] .kb-adv-heading-icon svg{width:1em;height:1em;}.wp-block-kadence-advancedheading.kt-adv-heading1563_e45b71-6a[data-kb-block=\"kb-adv-heading1563_e45b71-6a\"] .kb-adv-heading-icon{color:var(--global-palette6, #718096);font-size:26px;}.wp-block-kadence-advancedheading.kt-adv-heading1563_e45b71-6a mark.kt-highlight, .wp-block-kadence-advancedheading.kt-adv-heading1563_e45b71-6a[data-kb-block=\"kb-adv-heading1563_e45b71-6a\"] mark.kt-highlight{font-style:normal;color:#f76a0c;-webkit-box-decoration-break:clone;box-decoration-break:clone;padding-top:0px;padding-right:0px;padding-bottom:0px;padding-left:0px;}.wp-block-kadence-advancedheading.kt-adv-heading1563_e45b71-6a img.kb-inline-image, .wp-block-kadence-advancedheading.kt-adv-heading1563_e45b71-6a[data-kb-block=\"kb-adv-heading1563_e45b71-6a\"] img.kb-inline-image{width:150px;vertical-align:baseline;}@media all and (max-width: 767px){.wp-block-kadence-advancedheading.kt-adv-heading1563_e45b71-6a, .wp-block-kadence-advancedheading.kt-adv-heading1563_e45b71-6a[data-kb-block=\"kb-adv-heading1563_e45b71-6a\"]{text-align:center!important;}.wp-block-kadence-advancedheading.kt-adv-heading1563_e45b71-6a[data-kb-block=\"kb-adv-heading1563_e45b71-6a\"]{justify-content:center;}}<\/style><h2 class=\"kt-adv-heading1563_e45b71-6a wp-block-kadence-advancedheading kt-adv-heading-has-icon\" data-kb-block=\"kb-adv-heading1563_e45b71-6a\"><span class=\"kb-svg-icon-wrap kb-adv-heading-icon kb-svg-icon-fas_quote-left kb-adv-heading-icon-side-left\"><svg viewBox=\"0 0 512 512\"  fill=\"currentColor\" xmlns=\"http:\/\/www.w3.org\/2000\/svg\"  aria-hidden=\"true\"><path d=\"M464 256h-80v-64c0-35.3 28.7-64 64-64h8c13.3 0 24-10.7 24-24V56c0-13.3-10.7-24-24-24h-8c-88.4 0-160 71.6-160 160v240c0 26.5 21.5 48 48 48h128c26.5 0 48-21.5 48-48V304c0-26.5-21.5-48-48-48zm-288 0H96v-64c0-35.3 28.7-64 64-64h8c13.3 0 24-10.7 24-24V56c0-13.3-10.7-24-24-24h-8C71.6 32 0 103.6 0 192v240c0 26.5 21.5 48 48 48h128c26.5 0 48-21.5 48-48V304c0-26.5-21.5-48-48-48z\"\/><\/svg><\/span><span class=\"kb-adv-text-inner\">Mar\u00eda Montessori<\/span><\/h2><\/div><\/div>\n\n<\/div><\/div>","protected":false},"excerpt":{"rendered":"<p>Dec\u00e1logo de Mar\u00eda Montessori Mar\u00eda Montessori<\/p>\n","protected":false},"author":1,"featured_media":0,"parent":0,"menu_order":10,"comment_status":"closed","ping_status":"closed","template":"","meta":{"_seopress_robots_primary_cat":"","_seopress_titles_title":"","_seopress_titles_desc":"","_seopress_robots_index":"","_kad_blocks_custom_css":"","_kad_blocks_head_custom_js":"","_kad_blocks_body_custom_js":"","_kad_blocks_footer_custom_js":"","_kad_post_transparent":"","_kad_post_title":"","_kad_post_layout":"","_kad_post_sidebar_id":"","_kad_post_content_style":"","_kad_post_vertical_padding":"","_kad_post_feature":"","_kad_post_feature_position":"","_kad_post_header":false,"_kad_post_footer":false,"_kad_post_classname":"","footnotes":""},"class_list":["post-2097","page","type-page","status-publish","hentry"],"taxonomy_info":[],"featured_image_src_large":false,"author_info":{"display_name":"SBMontessori2023","author_link":"https:\/\/www.secondbodymontessori.org\/es\/author\/sbmontessori2023\/"},"comment_info":0,"_links":{"self":[{"href":"https:\/\/www.secondbodymontessori.org\/es\/wp-json\/wp\/v2\/pages\/2097","targetHints":{"allow":["GET"]}}],"collection":[{"href":"https:\/\/www.secondbodymontessori.org\/es\/wp-json\/wp\/v2\/pages"}],"about":[{"href":"https:\/\/www.secondbodymontessori.org\/es\/wp-json\/wp\/v2\/types\/page"}],"author":[{"embeddable":true,"href":"https:\/\/www.secondbodymontessori.org\/es\/wp-json\/wp\/v2\/users\/1"}],"replies":[{"embeddable":true,"href":"https:\/\/www.secondbodymontessori.org\/es\/wp-json\/wp\/v2\/comments?post=2097"}],"version-history":[{"count":1,"href":"https:\/\/www.secondbodymontessori.org\/es\/wp-json\/wp\/v2\/pages\/2097\/revisions"}],"predecessor-version":[{"id":2098,"href":"https:\/\/www.secondbodymontessori.org\/es\/wp-json\/wp\/v2\/pages\/2097\/revisions\/2098"}],"wp:attachment":[{"href":"https:\/\/www.secondbodymontessori.org\/es\/wp-json\/wp\/v2\/media?parent=2097"}],"curies":[{"name":"wp","href":"https:\/\/api.w.org\/{rel}","templated":true}]}}