{"id":2066,"date":"2024-03-06T11:03:48","date_gmt":"2024-03-06T11:03:48","guid":{"rendered":"https:\/\/www.secondbodymontessori.org\/mision-vision-objetivos\/"},"modified":"2024-04-30T13:14:01","modified_gmt":"2024-04-30T13:14:01","slug":"mision-vision-objetivos","status":"publish","type":"page","link":"https:\/\/www.secondbodymontessori.org\/es\/mision-vision-objetivos\/","title":{"rendered":"misi\u00f3n, visi\u00f3n &#038; objetivos"},"content":{"rendered":"<style>.kb-row-layout-id2066_c8760d-b7 > .kt-row-column-wrap{align-content:start;}:where(.kb-row-layout-id2066_c8760d-b7 > .kt-row-column-wrap) > .wp-block-kadence-column{justify-content:start;}.kb-row-layout-id2066_c8760d-b7 > .kt-row-column-wrap{column-gap:var(--global-kb-gap-md, 2rem);row-gap:var(--global-kb-gap-md, 2rem);max-width:900px;margin-left:auto;margin-right:auto;padding-top:var(--global-kb-spacing-xl, 4rem);padding-right:var(--global-kb-spacing-lg, 3rem);padding-bottom:var(--global-kb-spacing-lg, 3rem);padding-left:var(--global-kb-spacing-lg, 3rem);grid-template-columns:minmax(0, 1fr);}.kb-row-layout-id2066_c8760d-b7{background-image:url('https:\/\/www.secondbodymontessori.org\/wp-content\/uploads\/2023\/12\/The-Secondbody-Montessori-School-in-Valencia.jpg');background-size:cover;background-position:72% 45%;background-attachment:scroll;background-repeat:no-repeat;}.kb-row-layout-id2066_c8760d-b7 > .kt-row-layout-overlay{opacity:0.85;background-color:var(--global-palette2, #2B6CB0);}@media all and (max-width: 1024px){.kb-row-layout-wrap.wp-block-kadence-rowlayout.kb-row-layout-id2066_c8760d-b7{margin-top:0px;}}@media all and (max-width: 1024px){.kb-row-layout-id2066_c8760d-b7 > .kt-row-column-wrap{grid-template-columns:minmax(0, 1fr);}}@media all and (max-width: 767px){.kb-row-layout-id2066_c8760d-b7 > .kt-row-column-wrap{padding-top:var(--global-kb-spacing-xl, 4rem);padding-right:0%;padding-left:0%;grid-template-columns:minmax(0, 1fr);}.kb-row-layout-id2066_c8760d-b7{display:none !important;}}<\/style><div class=\"kb-row-layout-wrap kb-row-layout-id2066_c8760d-b7 alignfull kb-v-sm-hidden kt-row-has-bg wp-block-kadence-rowlayout\"><div class=\"kt-row-layout-overlay kt-row-overlay-normal\"><\/div><div class=\"kt-row-column-wrap kt-has-1-columns kt-row-layout-equal kt-tab-layout-inherit kt-mobile-layout-row kt-row-valign-top\">\n<style>.kadence-column2066_c452bf-4a > .kt-inside-inner-col{padding-top:6%;padding-right:3%;padding-bottom:6%;padding-left:3%;}.kadence-column2066_c452bf-4a > .kt-inside-inner-col,.kadence-column2066_c452bf-4a > .kt-inside-inner-col:before{border-top-left-radius:0px;border-top-right-radius:0px;border-bottom-right-radius:0px;border-bottom-left-radius:0px;}.kadence-column2066_c452bf-4a > .kt-inside-inner-col{column-gap:var(--global-kb-gap-sm, 1rem);}.kadence-column2066_c452bf-4a > .kt-inside-inner-col{flex-direction:column;}.kadence-column2066_c452bf-4a > .kt-inside-inner-col > .aligncenter{width:100%;}.kadence-column2066_c452bf-4a > .kt-inside-inner-col:before{opacity:0.3;}.kadence-column2066_c452bf-4a{position:relative;}@media all and (max-width: 1024px){.kadence-column2066_c452bf-4a > .kt-inside-inner-col{padding-right:5%;padding-left:5%;flex-direction:column;justify-content:center;}}@media all and (max-width: 767px){.kadence-column2066_c452bf-4a > .kt-inside-inner-col{padding-top:7%;padding-right:10%;padding-bottom:7%;padding-left:10%;flex-direction:column;justify-content:center;}}<\/style>\n<div class=\"wp-block-kadence-column kadence-column2066_c452bf-4a inner-column-1\"><div class=\"kt-inside-inner-col\"><style>.wp-block-kadence-advancedheading.kt-adv-heading2066_20ec7e-f6, .wp-block-kadence-advancedheading.kt-adv-heading2066_20ec7e-f6[data-kb-block=\"kb-adv-heading2066_20ec7e-f6\"]{padding-bottom:10px;text-align:center;font-style:normal;text-transform:uppercase;letter-spacing:2px;}.wp-block-kadence-advancedheading.kt-adv-heading2066_20ec7e-f6 mark.kt-highlight, .wp-block-kadence-advancedheading.kt-adv-heading2066_20ec7e-f6[data-kb-block=\"kb-adv-heading2066_20ec7e-f6\"] mark.kt-highlight{font-style:normal;color:#f76a0c;-webkit-box-decoration-break:clone;box-decoration-break:clone;padding-top:0px;padding-right:0px;padding-bottom:0px;padding-left:0px;}.wp-block-kadence-advancedheading.kt-adv-heading2066_20ec7e-f6 img.kb-inline-image, .wp-block-kadence-advancedheading.kt-adv-heading2066_20ec7e-f6[data-kb-block=\"kb-adv-heading2066_20ec7e-f6\"] img.kb-inline-image{width:150px;vertical-align:baseline;}<\/style>\n<h3 class=\"kt-adv-heading2066_20ec7e-f6 wp-block-kadence-advancedheading has-theme-palette-9-color has-text-color\" data-kb-block=\"kb-adv-heading2066_20ec7e-f6\">nuestros valores<\/h3>\n\n\n<style>.wp-block-kadence-advancedheading.kt-adv-heading2066_fb298c-02, .wp-block-kadence-advancedheading.kt-adv-heading2066_fb298c-02[data-kb-block=\"kb-adv-heading2066_fb298c-02\"]{text-align:center;font-size:var(--global-kb-font-size-xxl, 4rem);font-style:normal;text-transform:none;}.wp-block-kadence-advancedheading.kt-adv-heading2066_fb298c-02 mark.kt-highlight, .wp-block-kadence-advancedheading.kt-adv-heading2066_fb298c-02[data-kb-block=\"kb-adv-heading2066_fb298c-02\"] mark.kt-highlight{font-style:normal;color:#f76a0c;-webkit-box-decoration-break:clone;box-decoration-break:clone;padding-top:0px;padding-right:0px;padding-bottom:0px;padding-left:0px;}.wp-block-kadence-advancedheading.kt-adv-heading2066_fb298c-02 img.kb-inline-image, .wp-block-kadence-advancedheading.kt-adv-heading2066_fb298c-02[data-kb-block=\"kb-adv-heading2066_fb298c-02\"] img.kb-inline-image{width:150px;vertical-align:baseline;}<\/style>\n<h1 class=\"kt-adv-heading2066_fb298c-02 wp-block-kadence-advancedheading has-theme-palette-9-color has-text-color\" data-kb-block=\"kb-adv-heading2066_fb298c-02\">Misi\u00f3n, Visi\u00f3n y Obejetivos<\/h1>\n<\/div><\/div>\n\n<\/div><\/div>\n\n<style>.kb-row-layout-id2066_72b107-8e > .kt-row-column-wrap{align-content:start;}:where(.kb-row-layout-id2066_72b107-8e > .kt-row-column-wrap) > .wp-block-kadence-column{justify-content:start;}.kb-row-layout-id2066_72b107-8e > .kt-row-column-wrap{column-gap:var(--global-kb-gap-md, 2rem);row-gap:var(--global-kb-gap-md, 2rem);max-width:900px;margin-left:auto;margin-right:auto;padding-top:var(--global-kb-spacing-xl, 4rem);padding-right:var(--global-kb-spacing-lg, 3rem);padding-bottom:var(--global-kb-spacing-lg, 3rem);padding-left:var(--global-kb-spacing-lg, 3rem);grid-template-columns:minmax(0, 1fr);}.kb-row-layout-id2066_72b107-8e{background-image:url('https:\/\/www.secondbodymontessori.org\/wp-content\/uploads\/2023\/12\/The-Secondbody-Montessori-School-in-Valencia.jpg');background-size:cover;background-position:72% 45%;background-attachment:scroll;background-repeat:no-repeat;}.kb-row-layout-id2066_72b107-8e > .kt-row-layout-overlay{opacity:0.85;background-color:var(--global-palette2, #2B6CB0);}@media all and (min-width: 1025px){.kb-row-layout-id2066_72b107-8e{display:none !important;}}@media all and (max-width: 1024px){.kb-row-layout-wrap.wp-block-kadence-rowlayout.kb-row-layout-id2066_72b107-8e{margin-top:0px;}}@media all and (max-width: 1024px){.kb-row-layout-id2066_72b107-8e > .kt-row-column-wrap{grid-template-columns:minmax(0, 1fr);}}@media all and (min-width: 768px) and (max-width: 1024px){.kb-row-layout-id2066_72b107-8e{display:none !important;}}@media all and (max-width: 767px){.kb-row-layout-id2066_72b107-8e > .kt-row-column-wrap{padding-top:var(--global-kb-spacing-xl, 4rem);padding-right:0%;padding-left:0%;grid-template-columns:minmax(0, 1fr);}}<\/style><div class=\"kb-row-layout-wrap kb-row-layout-id2066_72b107-8e alignfull kb-v-lg-hidden kb-v-md-hidden kt-row-has-bg wp-block-kadence-rowlayout\"><div class=\"kt-row-layout-overlay kt-row-overlay-normal\"><\/div><div class=\"kt-row-column-wrap kt-has-1-columns kt-row-layout-equal kt-tab-layout-inherit kt-mobile-layout-row kt-row-valign-top\">\n<style>.kadence-column2066_9cf117-1b > .kt-inside-inner-col{padding-top:6%;padding-right:3%;padding-bottom:6%;padding-left:3%;}.kadence-column2066_9cf117-1b > .kt-inside-inner-col,.kadence-column2066_9cf117-1b > .kt-inside-inner-col:before{border-top-left-radius:0px;border-top-right-radius:0px;border-bottom-right-radius:0px;border-bottom-left-radius:0px;}.kadence-column2066_9cf117-1b > .kt-inside-inner-col{column-gap:var(--global-kb-gap-sm, 1rem);}.kadence-column2066_9cf117-1b > .kt-inside-inner-col{flex-direction:column;}.kadence-column2066_9cf117-1b > .kt-inside-inner-col > .aligncenter{width:100%;}.kadence-column2066_9cf117-1b > .kt-inside-inner-col:before{opacity:0.3;}.kadence-column2066_9cf117-1b{position:relative;}@media all and (max-width: 1024px){.kadence-column2066_9cf117-1b > .kt-inside-inner-col{padding-right:5%;padding-left:5%;flex-direction:column;justify-content:center;}}@media all and (max-width: 767px){.kadence-column2066_9cf117-1b > .kt-inside-inner-col{padding-top:7%;padding-right:10%;padding-bottom:7%;padding-left:10%;flex-direction:column;justify-content:center;}}<\/style>\n<div class=\"wp-block-kadence-column kadence-column2066_9cf117-1b inner-column-1\"><div class=\"kt-inside-inner-col\"><style>.wp-block-kadence-advancedheading.kt-adv-heading2066_0cc8e8-05, .wp-block-kadence-advancedheading.kt-adv-heading2066_0cc8e8-05[data-kb-block=\"kb-adv-heading2066_0cc8e8-05\"]{padding-bottom:10px;text-align:center;font-style:normal;text-transform:uppercase;letter-spacing:2px;}.wp-block-kadence-advancedheading.kt-adv-heading2066_0cc8e8-05 mark.kt-highlight, .wp-block-kadence-advancedheading.kt-adv-heading2066_0cc8e8-05[data-kb-block=\"kb-adv-heading2066_0cc8e8-05\"] mark.kt-highlight{font-style:normal;color:#f76a0c;-webkit-box-decoration-break:clone;box-decoration-break:clone;padding-top:0px;padding-right:0px;padding-bottom:0px;padding-left:0px;}.wp-block-kadence-advancedheading.kt-adv-heading2066_0cc8e8-05 img.kb-inline-image, .wp-block-kadence-advancedheading.kt-adv-heading2066_0cc8e8-05[data-kb-block=\"kb-adv-heading2066_0cc8e8-05\"] img.kb-inline-image{width:150px;vertical-align:baseline;}<\/style>\n<h3 class=\"kt-adv-heading2066_0cc8e8-05 wp-block-kadence-advancedheading has-theme-palette-9-color has-text-color\" data-kb-block=\"kb-adv-heading2066_0cc8e8-05\">nuestros valores<\/h3>\n\n\n<style>.wp-block-kadence-advancedheading.kt-adv-heading2066_742a10-f0, .wp-block-kadence-advancedheading.kt-adv-heading2066_742a10-f0[data-kb-block=\"kb-adv-heading2066_742a10-f0\"]{text-align:center;font-size:var(--global-kb-font-size-xxl, 4rem);line-height:1;font-style:normal;text-transform:none;}.wp-block-kadence-advancedheading.kt-adv-heading2066_742a10-f0 mark.kt-highlight, .wp-block-kadence-advancedheading.kt-adv-heading2066_742a10-f0[data-kb-block=\"kb-adv-heading2066_742a10-f0\"] mark.kt-highlight{font-style:normal;color:#f76a0c;-webkit-box-decoration-break:clone;box-decoration-break:clone;padding-top:0px;padding-right:0px;padding-bottom:0px;padding-left:0px;}.wp-block-kadence-advancedheading.kt-adv-heading2066_742a10-f0 img.kb-inline-image, .wp-block-kadence-advancedheading.kt-adv-heading2066_742a10-f0[data-kb-block=\"kb-adv-heading2066_742a10-f0\"] img.kb-inline-image{width:150px;vertical-align:baseline;}@media all and (max-width: 767px){.wp-block-kadence-advancedheading.kt-adv-heading2066_742a10-f0, .wp-block-kadence-advancedheading.kt-adv-heading2066_742a10-f0[data-kb-block=\"kb-adv-heading2066_742a10-f0\"]{font-size:50px;}}<\/style>\n<h1 class=\"kt-adv-heading2066_742a10-f0 wp-block-kadence-advancedheading has-theme-palette-9-color has-text-color\" data-kb-block=\"kb-adv-heading2066_742a10-f0\">Misi\u00f3n, Visi\u00f3n\r\n&amp; Objetivos<\/h1>\n<\/div><\/div>\n\n<\/div><\/div>\n\n<style>.kb-row-layout-id2066_8603ad-ac > .kt-row-column-wrap{align-content:center;}:where(.kb-row-layout-id2066_8603ad-ac > .kt-row-column-wrap) > .wp-block-kadence-column{justify-content:center;}.kb-row-layout-id2066_8603ad-ac > .kt-row-column-wrap{column-gap:var(--global-kb-gap-md, 2rem);row-gap:var(--global-kb-gap-md, 2rem);max-width:var( --global-content-width, 1290px );padding-left:var(--global-content-edge-padding);padding-right:var(--global-content-edge-padding);padding-top:var(--global-kb-spacing-lg, 3rem);padding-bottom:var(--global-kb-spacing-xxl, 5rem);grid-template-columns:minmax(0, 1fr);}.kb-row-layout-id2066_8603ad-ac > .kt-row-layout-overlay{opacity:1;background-image:url('https:\/\/xoeyed-bear-defo.instawp.xyz\/wp-content\/uploads\/2021\/10\/lines.jpeg');background-size:cover;background-position:center center;background-attachment:scroll;background-repeat:no-repeat;mix-blend-mode:multiply;}@media all and (max-width: 1024px){.kb-row-layout-id2066_8603ad-ac > .kt-row-column-wrap{grid-template-columns:minmax(0, 1fr);}}@media all and (max-width: 767px){.kb-row-layout-id2066_8603ad-ac > .kt-row-column-wrap{grid-template-columns:minmax(0, 1fr);}}<\/style><div class=\"kb-row-layout-wrap kb-row-layout-id2066_8603ad-ac alignfull has-theme-palette9-background-color kt-row-has-bg wp-block-kadence-rowlayout\"><div class=\"kt-row-layout-overlay kt-row-overlay-normal\"><\/div><div class=\"kt-row-column-wrap kt-has-1-columns kt-row-layout-equal kt-tab-layout-inherit kt-mobile-layout-row kt-row-valign-middle kb-theme-content-width\">\n<style>.kadence-column2066_77eb1d-ce > .kt-inside-inner-col,.kadence-column2066_77eb1d-ce > .kt-inside-inner-col:before{border-top-left-radius:0px;border-top-right-radius:0px;border-bottom-right-radius:0px;border-bottom-left-radius:0px;}.kadence-column2066_77eb1d-ce > .kt-inside-inner-col{column-gap:var(--global-kb-gap-sm, 1rem);}.kadence-column2066_77eb1d-ce > .kt-inside-inner-col{flex-direction:column;}.kadence-column2066_77eb1d-ce > .kt-inside-inner-col > .aligncenter{width:100%;}.kadence-column2066_77eb1d-ce > .kt-inside-inner-col:before{opacity:0.3;}.kadence-column2066_77eb1d-ce{position:relative;}@media all and (max-width: 1024px){.kadence-column2066_77eb1d-ce > .kt-inside-inner-col{flex-direction:column;justify-content:center;}}@media all and (max-width: 767px){.kadence-column2066_77eb1d-ce > .kt-inside-inner-col{flex-direction:column;justify-content:center;}}<\/style>\n<div class=\"wp-block-kadence-column kadence-column2066_77eb1d-ce kb-section-dir-vertical inner-column-1\"><div class=\"kt-inside-inner-col\"><style>.wp-block-kadence-advancedheading.kt-adv-heading2066_43c8cc-88, .wp-block-kadence-advancedheading.kt-adv-heading2066_43c8cc-88[data-kb-block=\"kb-adv-heading2066_43c8cc-88\"]{padding-top:var(--global-kb-spacing-xs, 1rem);padding-bottom:var(--global-kb-spacing-xs, 1rem);text-align:left;font-size:var(--global-kb-font-size-xl, 3rem);line-height:1.2;font-style:normal;}.wp-block-kadence-advancedheading.kt-adv-heading2066_43c8cc-88 mark.kt-highlight, .wp-block-kadence-advancedheading.kt-adv-heading2066_43c8cc-88[data-kb-block=\"kb-adv-heading2066_43c8cc-88\"] mark.kt-highlight{font-style:normal;color:#f76a0c;-webkit-box-decoration-break:clone;box-decoration-break:clone;padding-top:0px;padding-right:0px;padding-bottom:0px;padding-left:0px;}.wp-block-kadence-advancedheading.kt-adv-heading2066_43c8cc-88 img.kb-inline-image, .wp-block-kadence-advancedheading.kt-adv-heading2066_43c8cc-88[data-kb-block=\"kb-adv-heading2066_43c8cc-88\"] img.kb-inline-image{width:150px;vertical-align:baseline;}@media all and (max-width: 767px){.wp-block-kadence-advancedheading.kt-adv-heading2066_43c8cc-88, .wp-block-kadence-advancedheading.kt-adv-heading2066_43c8cc-88[data-kb-block=\"kb-adv-heading2066_43c8cc-88\"]{font-size:24px;}}<\/style>\n<h2 class=\"kt-adv-heading2066_43c8cc-88 wp-block-kadence-advancedheading has-theme-palette-3-color has-text-color\" data-kb-block=\"kb-adv-heading2066_43c8cc-88\">Montessori es Intencional<\/h2>\n\n\n<style>.wp-block-kadence-advancedheading.kt-adv-heading2066_d98433-92, .wp-block-kadence-advancedheading.kt-adv-heading2066_d98433-92[data-kb-block=\"kb-adv-heading2066_d98433-92\"]{max-width:1100px;padding-top:0px;padding-bottom:0px;text-align:left;font-size:var(--global-kb-font-size-md, 1.25rem);font-style:normal;}.wp-block-kadence-advancedheading.kt-adv-heading2066_d98433-92 mark.kt-highlight, .wp-block-kadence-advancedheading.kt-adv-heading2066_d98433-92[data-kb-block=\"kb-adv-heading2066_d98433-92\"] mark.kt-highlight{font-style:normal;color:#f76a0c;-webkit-box-decoration-break:clone;box-decoration-break:clone;padding-top:0px;padding-right:0px;padding-bottom:0px;padding-left:0px;}.wp-block-kadence-advancedheading.kt-adv-heading2066_d98433-92 img.kb-inline-image, .wp-block-kadence-advancedheading.kt-adv-heading2066_d98433-92[data-kb-block=\"kb-adv-heading2066_d98433-92\"] img.kb-inline-image{width:150px;vertical-align:baseline;}<\/style>\n<p class=\"kt-adv-heading2066_d98433-92 wp-block-kadence-advancedheading has-theme-palette-3-color has-text-color\" data-kb-block=\"kb-adv-heading2066_d98433-92\">Creemos en la inteligencia, el esp\u00edritu creativo y los poderes morales de los ni\u00f1os en los 2\u00b0 y 3\u00b0 ciclos de desarrollo. <br><br>Deseamos crear espacios intencionalmente bellos, de apoyo y enriquecedores para que los ni\u00f1os se desarrollen de manera hol\u00edstica.<br><br>Se debe proporcionar a los ni\u00f1os la oportunidad de:<\/p>\n\n\n<style>.wp-block-kadence-advancedheading.kt-adv-heading2066_d4940c-5f, .wp-block-kadence-advancedheading.kt-adv-heading2066_d4940c-5f[data-kb-block=\"kb-adv-heading2066_d4940c-5f\"]{text-align:left;font-style:normal;}.wp-block-kadence-advancedheading.kt-adv-heading2066_d4940c-5f[data-kb-block=\"kb-adv-heading2066_d4940c-5f\"]{display:flex;gap:0.25em;justify-content:left;align-items:center;}.wp-block-kadence-advancedheading.kt-adv-heading2066_d4940c-5f[data-kb-block=\"kb-adv-heading2066_d4940c-5f\"] .kb-adv-heading-icon svg{width:1em;height:1em;}.wp-block-kadence-advancedheading.kt-adv-heading2066_d4940c-5f mark.kt-highlight, .wp-block-kadence-advancedheading.kt-adv-heading2066_d4940c-5f[data-kb-block=\"kb-adv-heading2066_d4940c-5f\"] mark.kt-highlight{font-style:normal;color:#f76a0c;-webkit-box-decoration-break:clone;box-decoration-break:clone;padding-top:0px;padding-right:0px;padding-bottom:0px;padding-left:0px;}.wp-block-kadence-advancedheading.kt-adv-heading2066_d4940c-5f img.kb-inline-image, .wp-block-kadence-advancedheading.kt-adv-heading2066_d4940c-5f[data-kb-block=\"kb-adv-heading2066_d4940c-5f\"] img.kb-inline-image{width:150px;vertical-align:baseline;}<\/style><p class=\"kt-adv-heading2066_d4940c-5f wp-block-kadence-advancedheading kt-adv-heading-has-icon\" data-kb-block=\"kb-adv-heading2066_d4940c-5f\"><span class=\"kb-svg-icon-wrap kb-adv-heading-icon kb-svg-icon-fe_arrowRight kb-adv-heading-icon-side-left\"><svg viewBox=\"0 0 24 24\"  fill=\"none\" stroke=\"currentColor\" stroke-width=\"2\" stroke-linecap=\"round\" stroke-linejoin=\"round\" xmlns=\"http:\/\/www.w3.org\/2000\/svg\"  aria-hidden=\"true\"><line x1=\"5\" y1=\"12\" x2=\"19\" y2=\"12\"\/><polyline points=\"12 5 19 12 12 19\"\/><\/svg><\/span><span class=\"kb-adv-text-inner\">Vivir en Armon\u00eda con el mundo (f\u00edsicamente y emocionalmente)<\/span><\/p>\n\n<style>.wp-block-kadence-advancedheading.kt-adv-heading2066_e468f0-c1, .wp-block-kadence-advancedheading.kt-adv-heading2066_e468f0-c1[data-kb-block=\"kb-adv-heading2066_e468f0-c1\"]{text-align:left;font-style:normal;}.wp-block-kadence-advancedheading.kt-adv-heading2066_e468f0-c1[data-kb-block=\"kb-adv-heading2066_e468f0-c1\"]{display:flex;gap:0.25em;justify-content:left;align-items:center;}.wp-block-kadence-advancedheading.kt-adv-heading2066_e468f0-c1[data-kb-block=\"kb-adv-heading2066_e468f0-c1\"] .kb-adv-heading-icon svg{width:1em;height:1em;}.wp-block-kadence-advancedheading.kt-adv-heading2066_e468f0-c1 mark.kt-highlight, .wp-block-kadence-advancedheading.kt-adv-heading2066_e468f0-c1[data-kb-block=\"kb-adv-heading2066_e468f0-c1\"] mark.kt-highlight{font-style:normal;color:#f76a0c;-webkit-box-decoration-break:clone;box-decoration-break:clone;padding-top:0px;padding-right:0px;padding-bottom:0px;padding-left:0px;}.wp-block-kadence-advancedheading.kt-adv-heading2066_e468f0-c1 img.kb-inline-image, .wp-block-kadence-advancedheading.kt-adv-heading2066_e468f0-c1[data-kb-block=\"kb-adv-heading2066_e468f0-c1\"] img.kb-inline-image{width:150px;vertical-align:baseline;}<\/style><p class=\"kt-adv-heading2066_e468f0-c1 wp-block-kadence-advancedheading kt-adv-heading-has-icon\" data-kb-block=\"kb-adv-heading2066_e468f0-c1\"><span class=\"kb-svg-icon-wrap kb-adv-heading-icon kb-svg-icon-fe_arrowRight kb-adv-heading-icon-side-left\"><svg viewBox=\"0 0 24 24\"  fill=\"none\" stroke=\"currentColor\" stroke-width=\"2\" stroke-linecap=\"round\" stroke-linejoin=\"round\" xmlns=\"http:\/\/www.w3.org\/2000\/svg\"  aria-hidden=\"true\"><line x1=\"5\" y1=\"12\" x2=\"19\" y2=\"12\"\/><polyline points=\"12 5 19 12 12 19\"\/><\/svg><\/span><span class=\"kb-adv-text-inner\">Vivir en Comunidad<\/span><\/p>\n\n<style>.wp-block-kadence-advancedheading.kt-adv-heading2066_ffaaa1-0f, .wp-block-kadence-advancedheading.kt-adv-heading2066_ffaaa1-0f[data-kb-block=\"kb-adv-heading2066_ffaaa1-0f\"]{text-align:left;font-style:normal;}.wp-block-kadence-advancedheading.kt-adv-heading2066_ffaaa1-0f[data-kb-block=\"kb-adv-heading2066_ffaaa1-0f\"]{display:flex;gap:0.25em;justify-content:left;align-items:center;}.wp-block-kadence-advancedheading.kt-adv-heading2066_ffaaa1-0f[data-kb-block=\"kb-adv-heading2066_ffaaa1-0f\"] .kb-adv-heading-icon svg{width:1em;height:1em;}.wp-block-kadence-advancedheading.kt-adv-heading2066_ffaaa1-0f mark.kt-highlight, .wp-block-kadence-advancedheading.kt-adv-heading2066_ffaaa1-0f[data-kb-block=\"kb-adv-heading2066_ffaaa1-0f\"] mark.kt-highlight{font-style:normal;color:#f76a0c;-webkit-box-decoration-break:clone;box-decoration-break:clone;padding-top:0px;padding-right:0px;padding-bottom:0px;padding-left:0px;}.wp-block-kadence-advancedheading.kt-adv-heading2066_ffaaa1-0f img.kb-inline-image, .wp-block-kadence-advancedheading.kt-adv-heading2066_ffaaa1-0f[data-kb-block=\"kb-adv-heading2066_ffaaa1-0f\"] img.kb-inline-image{width:150px;vertical-align:baseline;}<\/style><p class=\"kt-adv-heading2066_ffaaa1-0f wp-block-kadence-advancedheading kt-adv-heading-has-icon\" data-kb-block=\"kb-adv-heading2066_ffaaa1-0f\"><span class=\"kb-svg-icon-wrap kb-adv-heading-icon kb-svg-icon-fe_arrowRight kb-adv-heading-icon-side-left\"><svg viewBox=\"0 0 24 24\"  fill=\"none\" stroke=\"currentColor\" stroke-width=\"2\" stroke-linecap=\"round\" stroke-linejoin=\"round\" xmlns=\"http:\/\/www.w3.org\/2000\/svg\"  aria-hidden=\"true\"><line x1=\"5\" y1=\"12\" x2=\"19\" y2=\"12\"\/><polyline points=\"12 5 19 12 12 19\"\/><\/svg><\/span><span class=\"kb-adv-text-inner\">Avanzar hacia su Tarea C\u00f3smica individual, Viviendo con Prop\u00f3sito a trav\u00e9s de experiencias de aprendizaje pr\u00e1cticas y relevantes\r\n\r\n<\/span><\/p>\n\n<style>.wp-block-kadence-advancedheading.kt-adv-heading2066_f46c71-5f, .wp-block-kadence-advancedheading.kt-adv-heading2066_f46c71-5f[data-kb-block=\"kb-adv-heading2066_f46c71-5f\"]{text-align:left;font-size:var(--global-kb-font-size-xl, 3rem);font-style:normal;}.wp-block-kadence-advancedheading.kt-adv-heading2066_f46c71-5f mark.kt-highlight, .wp-block-kadence-advancedheading.kt-adv-heading2066_f46c71-5f[data-kb-block=\"kb-adv-heading2066_f46c71-5f\"] mark.kt-highlight{font-style:normal;color:#f76a0c;-webkit-box-decoration-break:clone;box-decoration-break:clone;padding-top:0px;padding-right:0px;padding-bottom:0px;padding-left:0px;}.wp-block-kadence-advancedheading.kt-adv-heading2066_f46c71-5f img.kb-inline-image, .wp-block-kadence-advancedheading.kt-adv-heading2066_f46c71-5f[data-kb-block=\"kb-adv-heading2066_f46c71-5f\"] img.kb-inline-image{width:150px;vertical-align:baseline;}<\/style>\n<h2 class=\"kt-adv-heading2066_f46c71-5f wp-block-kadence-advancedheading has-theme-palette-3-color has-text-color\" data-kb-block=\"kb-adv-heading2066_f46c71-5f\">Nuestra Misi\u00f3n<\/h2>\n\n\n\n<div class=\"wp-block-uagb-advanced-heading uagb-block-36e4eb3e\"><h4 class=\"uagb-heading-text\">objetivo 1<\/h4><p class=\"uagb-desc-text\">Cultivar un entorno de aprendizaje de calidad y relevante para ni\u00f1os, profesores y familias, guiado por el M\u00e9todo y la Filosof\u00eda Montessori.&#13;\n&#13;\n<\/p><\/div>\n\n\n\n<div class=\"wp-block-uagb-advanced-heading uagb-block-94a9a017\"><h4 class=\"uagb-heading-text\">objetivo 2<\/h4><p class=\"uagb-desc-text\">Crear empresas dirigidas por estudiantes, proporcionando oportunidades para que los ni\u00f1os se conviertan en participantes activos en proyectos de emprendimiento y en su vecindario.&#13;\n&#13;\n<\/p><\/div>\n\n\n\n<div class=\"wp-block-uagb-advanced-heading uagb-block-bcf67f74\"><h4 class=\"uagb-heading-text\">objetivo 3<\/h4><p class=\"uagb-desc-text\">Expandir el alcance de la escuela interactuando con la comunidad e invitando a otros a participar. Hacer visible el Montessori.&#13;\n&#13;\n<\/p><\/div>\n<\/div><\/div>\n\n<\/div><\/div>","protected":false},"excerpt":{"rendered":"<p>nuestros valores Misi\u00f3n, Visi\u00f3n y Obejetivos nuestros valores Misi\u00f3n, Visi\u00f3n &amp; Objetivos Montessori es Intencional Creemos en la inteligencia, el esp\u00edritu creativo y los poderes morales de los ni\u00f1os en los 2\u00b0 y 3\u00b0 ciclos de desarrollo. Deseamos crear espacios intencionalmente bellos, de apoyo y enriquecedores para que los ni\u00f1os se desarrollen de manera hol\u00edstica&#8230;.<\/p>\n","protected":false},"author":1,"featured_media":0,"parent":0,"menu_order":1,"comment_status":"closed","ping_status":"closed","template":"","meta":{"_seopress_robots_primary_cat":"","_seopress_titles_title":"","_seopress_titles_desc":"","_seopress_robots_index":"","_kad_blocks_custom_css":"","_kad_blocks_head_custom_js":"","_kad_blocks_body_custom_js":"","_kad_blocks_footer_custom_js":"","_kad_post_transparent":"","_kad_post_title":"","_kad_post_layout":"","_kad_post_sidebar_id":"","_kad_post_content_style":"","_kad_post_vertical_padding":"","_kad_post_feature":"","_kad_post_feature_position":"","_kad_post_header":false,"_kad_post_footer":false,"_kad_post_classname":"","footnotes":""},"class_list":["post-2066","page","type-page","status-publish","hentry"],"taxonomy_info":[],"featured_image_src_large":false,"author_info":{"display_name":"SBMontessori2023","author_link":"https:\/\/www.secondbodymontessori.org\/es\/author\/sbmontessori2023\/"},"comment_info":0,"_links":{"self":[{"href":"https:\/\/www.secondbodymontessori.org\/es\/wp-json\/wp\/v2\/pages\/2066","targetHints":{"allow":["GET"]}}],"collection":[{"href":"https:\/\/www.secondbodymontessori.org\/es\/wp-json\/wp\/v2\/pages"}],"about":[{"href":"https:\/\/www.secondbodymontessori.org\/es\/wp-json\/wp\/v2\/types\/page"}],"author":[{"embeddable":true,"href":"https:\/\/www.secondbodymontessori.org\/es\/wp-json\/wp\/v2\/users\/1"}],"replies":[{"embeddable":true,"href":"https:\/\/www.secondbodymontessori.org\/es\/wp-json\/wp\/v2\/comments?post=2066"}],"version-history":[{"count":2,"href":"https:\/\/www.secondbodymontessori.org\/es\/wp-json\/wp\/v2\/pages\/2066\/revisions"}],"predecessor-version":[{"id":2354,"href":"https:\/\/www.secondbodymontessori.org\/es\/wp-json\/wp\/v2\/pages\/2066\/revisions\/2354"}],"wp:attachment":[{"href":"https:\/\/www.secondbodymontessori.org\/es\/wp-json\/wp\/v2\/media?parent=2066"}],"curies":[{"name":"wp","href":"https:\/\/api.w.org\/{rel}","templated":true}]}}